{"id":286,"date":"2018-10-08T08:03:59","date_gmt":"2018-10-08T08:03:59","guid":{"rendered":"https:\/\/jthemes.net\/themes\/wp\/genemy\/creative\/?page_id=286"},"modified":"2025-10-30T17:05:01","modified_gmt":"2025-10-30T17:05:01","slug":"freelancer","status":"publish","type":"page","link":"https:\/\/businesstherapyhub.lt\/","title":{"rendered":"Home"},"content":{"rendered":"<div class=\"wpb-content-wrapper\"><p>[vc_section full_height=&#8221;yes&#8221; enable_hero=&#8221;yes&#8221; hero_id=&#8221;hero-13&#8243; parallax_image_attachment=&#8221;inherit&#8221; el_id=&#8221;main&#8221; css=&#8221;.vc_custom_1714230682121{background-image: url(https:\/\/businesstherapyhub.lt\/wp-content\/uploads\/2024\/04\/Web_header-01-scaled.jpg?id=1432) !important;}&#8221;][vc_row][vc_column css=&#8221;.vc_custom_1715614672618{margin-top: 60px !important;}&#8221;][genemy_hero_freelancer image=&#8221;https:\/\/businesstherapyhub.lt\/wp-content\/uploads\/2024\/04\/Asset-4.png&#8221; title=&#8221;Where growth begins&#8221; lead_text=&#8221;&#8221; video_popup=&#8221;&#8221; title_font_container=&#8221;text_underline:none|font_family:montserrat|font_size:6rem|font_weight:500|line_height:8rem|&#8221; image_media_group=&#8221;%5B%7B%22type%22%3A%22max-width%22%2C%22width%22%3A%22767px%22%7D%5D&#8221;][\/vc_column][\/vc_row][\/vc_section][vc_section el_id=&#8221;about&#8221;][vc_row][vc_column][genemy_about_us image=&#8221;https:\/\/businesstherapyhub.lt\/wp-content\/uploads\/2024\/04\/About-01-scaled.jpg&#8221; subtitle=&#8221;&#8221; title=&#8221;About us&#8221; lead_text=&#8221;Business Therapy Hub is a consulting services company which contributes to the creation of healthy organizations. While offering sustainable solutions for team development, our services include training, team strengthening sessions, management supervision, organizational psychology research, consulting on issues of change management and increasing efficiency, individual and team coaching.<\/p>\n<p>Business Therapy Hub connects experienced organizational development experts who apply therapy principles combined with the knowledge of modern management, so that business therapy works even when other methods do not.&#8221; strategy_list=&#8221;%5B%7B%7D%5D&#8221; list_display=&#8221;&#8221; display=&#8221;none&#8221; image_media_group=&#8221;%5B%7B%22type%22%3A%22max-width%22%2C%22width%22%3A%22767px%22%7D%5D&#8221;][\/vc_column][\/vc_row][\/vc_section][vc_section bg_class=&#8221;bg-lightgreen&#8221; parallax_image_attachment=&#8221;inherit&#8221; el_class=&#8221;bg-lightgreen&#8221; css=&#8221;.vc_custom_1711279867517{background-color: #669999 !important;}&#8221; el_id=&#8221;aboutbt&#8221;][vc_row content_placement=&#8221;middle&#8221;][vc_column width=&#8221;2\/3&#8243;][vc_column_text css=&#8221;&#8221;]<span style=\"color: #ffffff;\">Business Therapy is a specialized consulting firm for organizations, addressing challenges, enhancing cooperation, fostering communication, and promoting ecological solutions. Consultants use a holistic approach of gestalt therapy and work on increasing team efficiency, and well-being, emphasizing conscious dialogue, healthy relationships, resilience, and adaptability.<\/span>[\/vc_column_text][\/vc_column][vc_column width=&#8221;1\/3&#8243;][genemy_service_box icon=&#8221;&#8221; title=&#8221;What is {business therapy}?&#8221; subtitle=&#8221;&#8221; border=&#8221;yes&#8221; icon_color=&#8221;default&#8221; underline_color=&#8221;font-weight-bold&#8221; animation_delay=&#8221;300&#8243;][\/vc_column][\/vc_row][\/vc_section][vc_section][vc_row][vc_column][genemy_banner align=&#8221;center&#8221; name=&#8221;&#8221; title=&#8221;Business therapy {impact}&#8221; subtitle=&#8221;&#8221;][\/vc_column][\/vc_row][vc_row][vc_column width=&#8221;1\/3&#8243;][genemy_service_box icon=&#8221;&#8221; title=&#8221;Better {communication}&#8221; subtitle=&#8221;&#8221; align=&#8221;text-center&#8221; border=&#8221;yes&#8221; underline_color=&#8221;underline-rosedark&#8221; animation_delay=&#8221;300&#8243;][genemy_service_box icon=&#8221;&#8221; title=&#8221;Team {Efficiency}&#8221; subtitle=&#8221;&#8221; align=&#8221;text-center&#8221; border=&#8221;yes&#8221; underline_color=&#8221;underline-rosedark&#8221; subtitle_text_color=&#8221;rosedark&#8221; animation_delay=&#8221;300&#8243;][\/vc_column][vc_column width=&#8221;1\/3&#8243;][genemy_service_box icon=&#8221;&#8221; title=&#8221;Stronger {leadership}&#8221; subtitle=&#8221;&#8221; align=&#8221;text-center&#8221; border=&#8221;yes&#8221; underline_color=&#8221;underline-rosedark&#8221; animation_delay=&#8221;300&#8243;][genemy_service_box icon=&#8221;&#8221; title=&#8221;Conflict {management}&#8221; subtitle=&#8221;&#8221; align=&#8221;text-center&#8221; border=&#8221;yes&#8221; underline_color=&#8221;underline-rosedark&#8221; animation_delay=&#8221;300&#8243;][\/vc_column][vc_column width=&#8221;1\/3&#8243;][genemy_service_box icon=&#8221;&#8221; title=&#8221;Workplace {Synergy}&#8221; subtitle=&#8221;&#8221; align=&#8221;text-center&#8221; border=&#8221;yes&#8221; underline_color=&#8221;underline-rosedark&#8221; animation_delay=&#8221;300&#8243;][genemy_service_box icon=&#8221;&#8221; title=&#8221;Cooperation {Boost}&#8221; subtitle=&#8221;&#8221; align=&#8221;text-center&#8221; border=&#8221;yes&#8221; underline_color=&#8221;underline-rosedark&#8221; animation_delay=&#8221;300&#8243;][\/vc_column][\/vc_row][\/vc_section][vc_section parallax_image_attachment=&#8221;inherit&#8221; css=&#8221;.vc_custom_1711280402895{background-color: #669999 !important;}&#8221; el_id=&#8221;services&#8221;][vc_row][vc_column][genemy_banner align=&#8221;center&#8221; name=&#8221;&#8221; title=&#8221;Our {Services}&#8221; subtitle=&#8221;&#8221;][\/vc_column][\/vc_row][vc_row][vc_column width=&#8221;1\/4&#8243;][genemy_service_box icon=&#8221;&#8221; tra_text_display=&#8221;yes&#8221; title=&#8221;Training&#8221; subtitle=&#8221;\u2022 Strengthening teams and increasing efficiency<br \/>\n\u2022 Emotional well-being and resilience<br \/>\n\u2022 Change Management<br \/>\n\u2022 Educational leadership<br \/>\n\u2022 Stress management<br \/>\n\u2022 Conflict management<br \/>\n\u2022 Burnout<br \/>\n\u2022 Effective communication<br \/>\n\u2022 Diagnostics of problems<br \/>\n\u2022 Mobbing in the organization&#8221; icon_color=&#8221;rose&#8221; heading_class=&#8221;h5-xl&#8221; underline_color=&#8221;none&#8221; subtitle_text_color=&#8221;white&#8221; animation_delay=&#8221;300&#8243;][\/vc_column][vc_column width=&#8221;1\/4&#8243;][genemy_service_box icon=&#8221;&#8221; tra_text_display=&#8221;yes&#8221; tra_digit=&#8221;02&#8243; title=&#8221;Consulting&#8221; subtitle=&#8221;\u2022 Creating open communication and foster a culture of collaboration and trust.<br \/>\n\u2022 Identifying the causes of conflicts or problems that hinder the effective functioning of the team.<br \/>\n\u2022 Offering team building activities and training programs that help build healthy relationships and improve teamwork.<br \/>\n\u2022 Creating psychological safety and a positive work environment that embraces diversity, promotes inclusion and employee well-being.&#8221; icon_color=&#8221;rose&#8221; heading_class=&#8221;h5-xl&#8221; underline_color=&#8221;none&#8221; subtitle_text_color=&#8221;white&#8221; animation_delay=&#8221;300&#8243;][\/vc_column][vc_column width=&#8221;1\/4&#8243;][genemy_service_box icon=&#8221;&#8221; tra_text_display=&#8221;yes&#8221; tra_digit=&#8221;03&#8243; title=&#8221;{Coaching}&#8221; subtitle=&#8221;\u2022 Personal coaching &#8211; an individual session aimed at self-improvement.<br \/>\n\u2022 Team coaching &#8211; series of team sessions aimed at teams development.<br \/>\n\u2022 Group coaching &#8211; sessions of small groups with common interests aimed to integrate a broader perspective and diverse experiences.&#8221; icon_color=&#8221;rose&#8221; heading_class=&#8221;h5-xl&#8221; underline_color=&#8221;none&#8221; subtitle_text_color=&#8221;white&#8221; animation_delay=&#8221;300&#8243;][\/vc_column][vc_column width=&#8221;1\/4&#8243;][genemy_service_box icon=&#8221;&#8221; tra_text_display=&#8221;yes&#8221; tra_digit=&#8221;04&#8243; title=&#8221;{Assessment}&#8221; subtitle=&#8221;\u2022 Employee engagement survey<br \/>\n\u2022 Assessment of emotional well-being of employees<br \/>\n\u2022 DiSC&#8221; icon_color=&#8221;rose&#8221; heading_class=&#8221;h5-xl&#8221; underline_color=&#8221;none&#8221; subtitle_text_color=&#8221;white&#8221; animation_delay=&#8221;300&#8243;][\/vc_column][\/vc_row][\/vc_section][vc_section padding_class=&#8221;wide-100&#8243; bg_class=&#8221;bg-lightgrey&#8221; parallax_image_attachment=&#8221;inherit&#8221; el_id=&#8221;team&#8221;][vc_row][vc_column][genemy_section_title name=&#8221;&#8221; title=&#8221;Our Expert Team&#8221; subtitle=&#8221;Dedicated to Your Success&#8221; underline_color=&#8221;none&#8221;][genemy_testimonials style=&#8221;3column&#8221; params=&#8221;%5B%7B%22name%22%3A%22Indrija%20A%C5%A1kelovi%C4%8Dien%C4%97%22%2C%22title%22%3A%22Founder%2C%20CEO%2C%20Consultant%20%26%20Lecturer%2C%20Gestalt%20psychotherapist%20%22%2C%22image%22%3A%22https%3A%2F%2Fbusinesstherapyhub.lt%2Fwp-content%2Fuploads%2F2024%2F04%2FIndrija.png%22%2C%22desc%22%3A%22Indrija%20possesses%20over%2018%20years%20of%20experience%20working%20in%20organizations%20and%20leading%20teams%20of%20various%20sizes.%20After%20obtaining%20diplomas%20in%20ICF%20coaching%20and%20Gestalt%20psychotherapy%2C%20Indrija%20now%20assists%20organizations%20in%20creating%20a%20favorable%20organizational%20culture%2C%20solving%20chronic%20problems%2C%20implementing%20changes%2C%20and%20fostering%20growth%20and%20communication.%20Indrija%20conducts%20leadership%20training%2C%20organizes%20supervisory%20sessions%20for%20managers%2C%20and%20places%20great%20emphasis%20on%20topics%20such%20as%20communication%2C%20change%20management%2C%20and%20psychological%20safety.%22%7D%2C%7B%22name%22%3A%22Giedr%C4%97%20Urmulevi%C4%8Di%C5%ABt%C4%97%22%2C%22title%22%3A%22Consultant%20%26%20Lecturer%2C%20Coach%22%2C%22image%22%3A%22https%3A%2F%2Fbusinesstherapyhub.lt%2Fwp-content%2Fuploads%2F2024%2F04%2FGiedre.png%22%2C%22desc%22%3A%22Giedr%C4%97%20is%20a%20certified%20experiential%20training%20coach%20with%20expertise%20in%20management%20and%20leadership%2C%20team%20building%20and%20concentration%2C%20communication%20and%20collaboration%2C%20and%20individual%20and%20group%20coaching.%20For%20over%2019%20years%2C%20Giedr%C4%97%20has%20been%20utilizing%20modern%20interactive%20practical%20methods%20in%20her%20seminars%2C%20including%20experiential%20learning%2C%20solo%20and%20group%20reflections%2C%20games%2C%20and%20coaching.%22%7D%2C%7B%22name%22%3A%22Indr%C4%97%20Kavoli%C5%ABnien%C4%97%22%2C%22title%22%3A%22Consultant%20%26%20Lecturer%2C%20Gestalt%20psychotherapist%2C%20Lawyer%20%26%20Mediator%22%2C%22image%22%3A%22https%3A%2F%2Fbusinesstherapyhub.lt%2Fwp-content%2Fuploads%2F2024%2F04%2FIndre.png%22%2C%22desc%22%3A%22Indre&#8217;s%20professional%20activities%20encompass%20a%20wide%20range%20of%20experiences%2C%20all%20unified%20by%20the%20themes%20of%20effective%20communication%2C%20psychological%20well-being%2C%20and%20assistance%20in%20finding%20solutions.%20For%20over%2010%20years%2C%20Indre%20has%20conducted%20training%20sessions%20on%20conflict%20resolution%2C%20stress%20management%2C%20and%20other%20related%20topics.%20Indre%20assists%20teams%20in%20learning%20constructive%20communication%20and%20cooperation%20and%20engages%20in%20mediation%20activities%2C%20including%20applied%20mediation.%22%7D%2C%7B%22name%22%3A%22DEIMANT%C4%96%20PETKEVI%C4%8CI%C5%AAT%C4%96%20-%20BUTKEVI%C4%8C%C4%96%22%2C%22title%22%3A%22Consultant%20%26%20Lecturer%2C%20Psychologist%2C%20Gestalt%20psychotherapy%20practitioner%22%2C%22image%22%3A%22https%3A%2F%2Fbusinesstherapyhub.lt%2Fwp-content%2Fuploads%2F2024%2F04%2FDeimante.png%22%2C%22desc%22%3A%22Deimant%C4%97%20has%20accumulated%20extensive%20experience%20working%20with%20both%20individual%20clients%20and%20teams.%20Deimant%C4%97&#8217;s%20focus%20has%20primarily%20been%20on%20relationship%20and%20emotion%20management.%20Deimant%C4%97&#8217;s%20training%20encompasses%20comprehensive%20content%20covering%20conflict%20management%2C%20cooperation%2C%20assertiveness%2C%20stress%20management%2C%20and%20team%20building.%20Her%20sessions%20aim%20to%20enhance%20self-awareness%20and%20promote%20effective%20communication%20within%20teams.%22%7D%2C%7B%22name%22%3A%22Daiva%20Ti%C5%A1kut%C4%97%20Dambrauskien%C4%97%22%2C%22title%22%3A%22Consultant%20%26%20Lecturer%2C%20Gestalt%20psychotherapy%20practitioner%22%2C%22image%22%3A%22https%3A%2F%2Fbusinesstherapyhub.lt%2Fwp-content%2Fuploads%2F2024%2F04%2FDaiva.png%22%2C%22desc%22%3A%22Daiva%20is%20a%20certified%20practitioner%20of%20Gestalt%20psychotherapy%2C%20a%20crisis%20management%20consultant%2C%20and%20an%20experienced%20practical%20training%20coach.%20With%2020%20years%20of%20accumulated%20experience%2C%20Daiva%20offers%20guidance%20to%20teams%20on%20various%20topics%2C%20including%20burnout%2C%20stress%20management%2C%20personal%20and%20professional%20crises%2C%20as%20well%20as%20self-awareness%20and%20confidence%20building.%22%7D%5D&#8221;][\/vc_column][\/vc_row][\/vc_section][vc_section padding_class=&#8221;wide-0&#8243; el_id=&#8221;clients&#8221;][vc_row][vc_column][\/vc_column][\/vc_row][\/vc_section][vc_section el_id=&#8221;blog&#8221;][vc_row][vc_column][genemy_section_title name=&#8221;&#8221; title=&#8221;Our Articles and News&#8221; subtitle=&#8221;Explore Insights and Updates in Our Blog&#8221; underline_color=&#8221;none&#8221;]<div class=\"row\">\r\n            <div class=\"col-md-6 col-lg-4\">\r\n            <div class=\"blog-post animated\" data-animation=\"fadeInUp\" data-animation-delay=\"300\">        \r\n                                    <!-- BLOG POST IMAGE -->\r\n                    <div class=\"blog-post-img m-bottom-30\">\r\n                        <img decoding=\"async\" class=\"img-fluid\" src=\"https:\/\/businesstherapyhub.lt\/wp-content\/uploads\/2025\/05\/unnamed-2-400x400.jpg\" alt=\"About the curse \u201cNever enough\u201d and \u201cI still have to prove it\u201d\" \/> \r\n                    <\/div>\r\n                \r\n                <!-- BLOG POST TEXT -->\r\n                <div class=\"blog-post-txt\">\r\n                    <!-- Post Data -->\r\n                                        <!-- Post Title -->\r\n                    <h5 class=\"h5-md\">\r\n                        <a class=\"rose-hover\" href=\"https:\/\/businesstherapyhub.lt\/index.php\/2025\/05\/20\/about-the-curse-never-enough-and-i-still-have-to-prove-it\/\">About the curse \u201cNever enough\u201d and \u201cI still have to prove it\u201d<\/a>\r\n                    <\/h5>\r\n                    <!-- Post Text -->\r\n                    <p>Have you noticed that sometimes the music and the image do not match? Maybe the mind and self...                    <\/p>\r\n\r\n                <\/div>\r\n            <\/div>\r\n        <\/div>\r\n\r\n                <div class=\"col-md-6 col-lg-4\">\r\n            <div class=\"blog-post animated\" data-animation=\"fadeInUp\" data-animation-delay=\"400\">        \r\n                                    <!-- BLOG POST IMAGE -->\r\n                    <div class=\"blog-post-img m-bottom-30\">\r\n                        <img decoding=\"async\" class=\"img-fluid\" src=\"https:\/\/businesstherapyhub.lt\/wp-content\/uploads\/2025\/05\/unnamed-2-400x400.jpg\" alt=\"Apie prakeiksm\u0105 \u201cNiekada negana\u201d ir \u201cTuriu dar \u012frodyti\u201d\" \/> \r\n                    <\/div>\r\n                \r\n                <!-- BLOG POST TEXT -->\r\n                <div class=\"blog-post-txt\">\r\n                    <!-- Post Data -->\r\n                                        <!-- Post Title -->\r\n                    <h5 class=\"h5-md\">\r\n                        <a class=\"rose-hover\" href=\"https:\/\/businesstherapyhub.lt\/index.php\/lt\/2025\/05\/19\/apie-prakeiksma-niekada-negana-ir-turiu-dar-irodyti\/\">Apie prakeiksm\u0105 \u201cNiekada negana\u201d ir \u201cTuriu dar \u012frodyti\u201d<\/a>\r\n                    <\/h5>\r\n                    <!-- Post Text -->\r\n                    <p>Ar pastebite, kad kartais muzika su vaizdu nesutampa? Jog protas ir \u017einojimas apie save sako viena, o vidin\u0117...                    <\/p>\r\n\r\n                <\/div>\r\n            <\/div>\r\n        <\/div>\r\n\r\n                <div class=\"col-md-6 col-lg-4\">\r\n            <div class=\"blog-post animated\" data-animation=\"fadeInUp\" data-animation-delay=\"500\">        \r\n                                    <!-- BLOG POST IMAGE -->\r\n                    <div class=\"blog-post-img m-bottom-30\">\r\n                        <img decoding=\"async\" class=\"img-fluid\" src=\"https:\/\/businesstherapyhub.lt\/wp-content\/uploads\/2024\/04\/Article_Vidine-komunikacija-400x400.jpg\" alt=\"Internal communication is always about relationships\" \/> \r\n                    <\/div>\r\n                \r\n                <!-- BLOG POST TEXT -->\r\n                <div class=\"blog-post-txt\">\r\n                    <!-- Post Data -->\r\n                                        <!-- Post Title -->\r\n                    <h5 class=\"h5-md\">\r\n                        <a class=\"rose-hover\" href=\"https:\/\/businesstherapyhub.lt\/index.php\/2024\/04\/27\/article-3\/\">Internal communication is always about relationships<\/a>\r\n                    <\/h5>\r\n                    <!-- Post Text -->\r\n                    <p>In traditional discussions on internal communication and its challenges, the emphasis is often placed on barriers like physical...                    <\/p>\r\n\r\n                <\/div>\r\n            <\/div>\r\n        <\/div>\r\n\r\n                <div class=\"col-md-6 col-lg-4\">\r\n            <div class=\"blog-post animated\" data-animation=\"fadeInUp\" data-animation-delay=\"600\">        \r\n                                    <!-- BLOG POST IMAGE -->\r\n                    <div class=\"blog-post-img m-bottom-30\">\r\n                        <img decoding=\"async\" class=\"img-fluid\" src=\"https:\/\/businesstherapyhub.lt\/wp-content\/uploads\/2024\/04\/Article_Terapija-ateina-i-organizacijaa-400x400.jpg\" alt=\"Therapy comming to organisation &#8211; what does that mean?\u00a0\" \/> \r\n                    <\/div>\r\n                \r\n                <!-- BLOG POST TEXT -->\r\n                <div class=\"blog-post-txt\">\r\n                    <!-- Post Data -->\r\n                                        <!-- Post Title -->\r\n                    <h5 class=\"h5-md\">\r\n                        <a class=\"rose-hover\" href=\"https:\/\/businesstherapyhub.lt\/index.php\/2024\/04\/27\/article-2\/\">Therapy comming to organisation &#8211; what does that mean?\u00a0<\/a>\r\n                    <\/h5>\r\n                    <!-- Post Text -->\r\n                    <p>Today, we can rejoice the fact that more and more organizations are prioritizing the well-being of their employees....                    <\/p>\r\n\r\n                <\/div>\r\n            <\/div>\r\n        <\/div>\r\n\r\n                <div class=\"col-md-6 col-lg-4\">\r\n            <div class=\"blog-post animated\" data-animation=\"fadeInUp\" data-animation-delay=\"700\">        \r\n                                    <!-- BLOG POST IMAGE -->\r\n                    <div class=\"blog-post-img m-bottom-30\">\r\n                        <img decoding=\"async\" class=\"img-fluid\" src=\"https:\/\/businesstherapyhub.lt\/wp-content\/uploads\/2024\/05\/Article_Terapija-ateina-i-organizacija-400x400.jpg\" alt=\"Attention &#8211; group!\" \/> \r\n                    <\/div>\r\n                \r\n                <!-- BLOG POST TEXT -->\r\n                <div class=\"blog-post-txt\">\r\n                    <!-- Post Data -->\r\n                                        <!-- Post Title -->\r\n                    <h5 class=\"h5-md\">\r\n                        <a class=\"rose-hover\" href=\"https:\/\/businesstherapyhub.lt\/index.php\/2024\/05\/08\/attention-group\/\">Attention &#8211; group!<\/a>\r\n                    <\/h5>\r\n                    <!-- Post Text -->\r\n                    <p>In today&#8217;s world, with a vast array of self-knowledge and personal growth studies available in various formats, it...                    <\/p>\r\n\r\n                <\/div>\r\n            <\/div>\r\n        <\/div>\r\n\r\n                <div class=\"col-md-6 col-lg-4\">\r\n            <div class=\"blog-post animated\" data-animation=\"fadeInUp\" data-animation-delay=\"800\">        \r\n                                    <!-- BLOG POST IMAGE -->\r\n                    <div class=\"blog-post-img m-bottom-30\">\r\n                        <img decoding=\"async\" class=\"img-fluid\" src=\"https:\/\/businesstherapyhub.lt\/wp-content\/uploads\/2024\/05\/Article_Terapija-ateina-i-organizacija-1-400x400.jpg\" alt=\"D\u0117mesio &#8211; grup\u0117!\" \/> \r\n                    <\/div>\r\n                \r\n                <!-- BLOG POST TEXT -->\r\n                <div class=\"blog-post-txt\">\r\n                    <!-- Post Data -->\r\n                                        <!-- Post Title -->\r\n                    <h5 class=\"h5-md\">\r\n                        <a class=\"rose-hover\" href=\"https:\/\/businesstherapyhub.lt\/index.php\/lt\/2024\/05\/08\/demesio-grupe\/\">D\u0117mesio &#8211; grup\u0117!<\/a>\r\n                    <\/h5>\r\n                    <!-- Post Text -->\r\n                    <p>\u0160iandieniniame pasaulyje, kuomet egzistuoja itin didel\u0117 pasi\u016bla \u012fvairi\u0173 sav\u0119s pa\u017einimo ir augimo&nbsp; studij\u0173, u\u017esi\u0117mim\u0173, skirting\u0173 format\u0173, neretai darosi...                    <\/p>\r\n\r\n                <\/div>\r\n            <\/div>\r\n        <\/div>\r\n\r\n           \r\n<\/div>\r\n[\/vc_column][\/vc_row][\/vc_section][vc_section parallax_image_attachment=&#8221;inherit&#8221; el_id=&#8221;contact&#8221;][vc_row][vc_column][genemy_call_to_action style=&#8221;style2&#8243; title=&#8221;Boost Your Organization&#8221; lead_text=&#8221;&#8221; subtitle=&#8221;&#8221; display=&#8221;icons&#8221; params2=&#8221;%5B%5D&#8221; bottom_text=&#8221;&#8221;][\/vc_column][\/vc_row][vc_row][vc_column width=&#8221;1\/3&#8243;][genemy_contact_info title=&#8221;LET\u2019S TALK&#8221; subtitle=&#8221;+370 687 24 615&#8243; animation_delay=&#8221;300&#8243;][\/vc_column][vc_column width=&#8221;1\/3&#8243;][genemy_contact_info title=&#8221;LET\u2019S TEXT&#8221; subtitle=&#8221;indrija@businesstherapyhub.lt&#8221; animation_delay=&#8221;300&#8243;][\/vc_column][vc_column width=&#8221;1\/3&#8243;][genemy_contact_info title=&#8221;LET\u2019S MEET&#8221; subtitle=&#8221;\u0160v. Ignoto str. 5, Vilnius&#8221; animation_delay=&#8221;300&#8243;][\/vc_column][\/vc_row][\/vc_section]<\/p>\n<\/div>","protected":false},"excerpt":{"rendered":"<p>[vc_section full_height=&#8221;yes&#8221; enable_hero=&#8221;yes&#8221; hero_id=&#8221;hero-13&#8243; parallax_image_attachment=&#8221;inherit&#8221; el_id=&#8221;main&#8221; css=&#8221;.vc_custom_1714230682121{background-image: url(https:\/\/businesstherapyhub.lt\/wp-content\/uploads\/2024\/04\/Web_header-01-scaled.jpg?id=1432) !important;}&#8221;][vc_row][vc_column css=&#8221;.vc_custom_1715614672618{margin-top: 60px !important;}&#8221;][genemy_hero_freelancer image=&#8221;https:\/\/businesstherapyhub.lt\/wp-content\/uploads\/2024\/04\/Asset-4.png&#8221; title=&#8221;Where growth begins&#8221; lead_text=&#8221;&#8221; video_popup=&#8221;&#8221; title_font_container=&#8221;text_underline:none|font_family:montserrat|font_size:6rem|font_weight:500|line_height:8rem|&#8221; image_media_group=&#8221;%5B%7B%22type%22%3A%22max-width%22%2C%22width%22%3A%22767px%22%7D%5D&#8221;][\/vc_column][\/vc_row][\/vc_section][vc_section el_id=&#8221;about&#8221;][vc_row][vc_column][genemy_about_us image=&#8221;https:\/\/businesstherapyhub.lt\/wp-content\/uploads\/2024\/04\/About-01-scaled.jpg&#8221; subtitle=&#8221;&#8221; title=&#8221;About us&#8221; lead_text=&#8221;Business Therapy Hub is a consulting services company which contributes to the creation of healthy&#8230;<\/p>\n","protected":false},"author":1,"featured_media":0,"parent":0,"menu_order":0,"comment_status":"closed","ping_status":"closed","template":"templates\/onepage-template.php","meta":{"_themeisle_gutenberg_block_has_review":false,"footnotes":""},"class_list":["post-286","page","type-page","status-publish","hentry","blog-post"],"aioseo_notices":[],"post_mailing_queue_ids":[],"_links":{"self":[{"href":"https:\/\/businesstherapyhub.lt\/index.php\/wp-json\/wp\/v2\/pages\/286","targetHints":{"allow":["GET"]}}],"collection":[{"href":"https:\/\/businesstherapyhub.lt\/index.php\/wp-json\/wp\/v2\/pages"}],"about":[{"href":"https:\/\/businesstherapyhub.lt\/index.php\/wp-json\/wp\/v2\/types\/page"}],"author":[{"embeddable":true,"href":"https:\/\/businesstherapyhub.lt\/index.php\/wp-json\/wp\/v2\/users\/1"}],"replies":[{"embeddable":true,"href":"https:\/\/businesstherapyhub.lt\/index.php\/wp-json\/wp\/v2\/comments?post=286"}],"version-history":[{"count":184,"href":"https:\/\/businesstherapyhub.lt\/index.php\/wp-json\/wp\/v2\/pages\/286\/revisions"}],"predecessor-version":[{"id":1616,"href":"https:\/\/businesstherapyhub.lt\/index.php\/wp-json\/wp\/v2\/pages\/286\/revisions\/1616"}],"wp:attachment":[{"href":"https:\/\/businesstherapyhub.lt\/index.php\/wp-json\/wp\/v2\/media?parent=286"}],"curies":[{"name":"wp","href":"https:\/\/api.w.org\/{rel}","templated":true}]}}