{"id":1477,"date":"2024-05-02T14:26:41","date_gmt":"2024-05-02T14:26:41","guid":{"rendered":"https:\/\/businesstherapyhub.lt\/index.php\/home-lietuviskai\/"},"modified":"2025-10-30T17:04:11","modified_gmt":"2025-10-30T17:04:11","slug":"home-lietuviskai","status":"publish","type":"page","link":"https:\/\/businesstherapyhub.lt\/index.php\/lt\/","title":{"rendered":"Home &#8211; Lietuvi\u0161kai"},"content":{"rendered":"<div class=\"wpb-content-wrapper\"><p>[vc_section full_height=&#8221;yes&#8221; enable_hero=&#8221;yes&#8221; hero_id=&#8221;hero-13&#8243; parallax_image_attachment=&#8221;inherit&#8221; el_id=&#8221;main&#8221; css=&#8221;.vc_custom_1714230682121{background-image: url(https:\/\/businesstherapyhub.lt\/wp-content\/uploads\/2024\/04\/Web_header-01-scaled.jpg?id=1432) !important;}&#8221;][vc_row][vc_column css=&#8221;.vc_custom_1715680838236{margin-top: 80px !important;}&#8221;][genemy_hero_freelancer image=&#8221;https:\/\/businesstherapyhub.lt\/wp-content\/uploads\/2024\/04\/Asset-4.png&#8221; title=&#8221;\u010cia prasideda augimas&#8221; lead_text=&#8221;&#8221; video_popup=&#8221;&#8221; title_font_container=&#8221;text_underline:none|font_family:montserrat|font_size:5rem|font_weight:500|line_height:8rem|&#8221; image_media_group=&#8221;%5B%7B%22type%22%3A%22max-width%22%2C%22width%22%3A%22767px%22%7D%5D&#8221;][\/vc_column][\/vc_row][\/vc_section][vc_section el_id=&#8221;about&#8221;][vc_row][vc_column][genemy_about_us image=&#8221;https:\/\/businesstherapyhub.lt\/wp-content\/uploads\/2024\/04\/About-01-scaled.jpg&#8221; subtitle=&#8221;&#8221; title=&#8221;APIE MUS&#8221; lead_text=&#8221;Business Therapy Hub &#8211; tai konsultacini\u0173 paslaug\u0173 \u012fmon\u0117, kurios tikslas &#8211; prisid\u0117ti prie sveik\u0173 organizacij\u0173 k\u016brimo. Mes si\u016blome tvarius komand\u0173 stiprinimo, darbuotoj\u0173 gerov\u0117s bei organizacij\u0173 vystymosi sprendimus. M\u016bs\u0173 paslaugos apima vis\u0173 grand\u017ei\u0173 darbuotoj\u0173 mokymus, komand\u0173 stiprinimo sesijas, vadov\u0173 supervizijas, organizacin\u0117s psichologijos tyrimus, konsultavim\u0105 poky\u010di\u0173 valdymo bei efektyvumo didinimo klausimais, individual\u0173 bei komandin\u012f kou\u010ding\u0105. Business Therapy Hub jungia profesionalius mokym\u0173 trenerius, ge\u0161talto terapeutus, kou\u010derius, tyrim\u0173 bei organizacij\u0173 vystymosi ekspertus, turin\u010dius ilgamet\u0119 darbo su organizacijomis patirt\u012f. Tikime, kad terapijoje taikomi darbo principai puikiai dera su \u0161iuolaikin\u0117s vadybos \u017einiomis, tod\u0117l verslo terapija veikia net ir tuomet, kai neveikia kiti b\u016bdai.&#8221; strategy_list=&#8221;%5B%7B%7D%5D&#8221; list_display=&#8221;&#8221; display=&#8221;none&#8221; image_media_group=&#8221;%5B%7B%22type%22%3A%22max-width%22%2C%22width%22%3A%22767px%22%7D%5D&#8221;][\/vc_column][\/vc_row][\/vc_section][vc_section bg_class=&#8221;bg-lightgreen&#8221; parallax_image_attachment=&#8221;inherit&#8221; el_class=&#8221;bg-lightgreen&#8221; css=&#8221;.vc_custom_1711279867517{background-color: #669999 !important;}&#8221; el_id=&#8221;aboutbt&#8221;][vc_row content_placement=&#8221;middle&#8221;][vc_column width=&#8221;2\/3&#8243;][vc_column_text css=&#8221;&#8221;]<span style=\"color: #ffffff;\">Verslo terapija \u2013 tai specializuota konsultavimo forma, padedanti organizacijoms spr\u0119sti komand\u0173 efektyvumo i\u0161\u0161\u016bkius, stiprinti bendradarbiavim\u0105, skatinti susikalb\u0117jim\u0105, ie\u0161koti tvari\u0173 sprendim\u0173. Vadovaudamiesi ge\u0161talto terapijos principais, puosel\u0117jame sveikus tarpusavio santykius, darbuotoj\u0173 gerov\u0119, padedame kurti s\u0105moning\u0105 dialog\u0105, didiname atsparum\u0105 ir atvirumo kult\u016br\u0105, skatiname asmenin\u012f augim\u0105 ir komand\u0173 brand\u0105.<\/span>[\/vc_column_text][\/vc_column][vc_column width=&#8221;1\/3&#8243;][genemy_service_box icon=&#8221;&#8221; title=&#8221;KAS YRA {VERSLO TERAPIJA}?&#8221; subtitle=&#8221;&#8221; border=&#8221;yes&#8221; icon_color=&#8221;default&#8221; underline_color=&#8221;font-weight-bold&#8221; animation_delay=&#8221;300&#8243;][\/vc_column][\/vc_row][\/vc_section][vc_section][vc_row][vc_column][genemy_banner align=&#8221;center&#8221; name=&#8221;&#8221; title=&#8221;KOKI\u0104 {VERT\u0118} KURIAME&#8221; subtitle=&#8221;&#8221;][\/vc_column][\/vc_row][vc_row][vc_column width=&#8221;1\/3&#8243;][genemy_service_box icon=&#8221;&#8221; title=&#8221;GERINAME {KOMUNIKACIJ\u0104}&#8221; subtitle=&#8221;&#8221; align=&#8221;text-center&#8221; border=&#8221;yes&#8221; underline_color=&#8221;underline-rosedark&#8221; animation_delay=&#8221;300&#8243;][genemy_service_box icon=&#8221;&#8221; title=&#8221;STIPRINAME {KOMANDAS}&#8221; subtitle=&#8221;&#8221; align=&#8221;text-center&#8221; border=&#8221;yes&#8221; underline_color=&#8221;underline-rosedark&#8221; subtitle_text_color=&#8221;rosedark&#8221; animation_delay=&#8221;300&#8243;][\/vc_column][vc_column width=&#8221;1\/3&#8243;][genemy_service_box icon=&#8221;&#8221; title=&#8221;AUGINAME {LYDERYST\u0118}&#8221; subtitle=&#8221;&#8221; align=&#8221;text-center&#8221; border=&#8221;yes&#8221; underline_color=&#8221;underline-rosedark&#8221; animation_delay=&#8221;300&#8243;][genemy_service_box icon=&#8221;&#8221; title=&#8221;VALDOME {KONFLIKTUS}&#8221; subtitle=&#8221;&#8221; align=&#8221;text-center&#8221; border=&#8221;yes&#8221; underline_color=&#8221;underline-rosedark&#8221; animation_delay=&#8221;300&#8243;][\/vc_column][vc_column width=&#8221;1\/3&#8243;][genemy_service_box icon=&#8221;&#8221; title=&#8221;DIDINAME {EFEKTYVUM\u0104}&#8221; subtitle=&#8221;&#8221; align=&#8221;text-center&#8221; border=&#8221;yes&#8221; underline_color=&#8221;underline-rosedark&#8221; animation_delay=&#8221;300&#8243;][genemy_service_box icon=&#8221;&#8221; title=&#8221;KURIAME {BENDRYST\u0118}&#8221; subtitle=&#8221;&#8221; align=&#8221;text-center&#8221; border=&#8221;yes&#8221; underline_color=&#8221;underline-rosedark&#8221; animation_delay=&#8221;300&#8243;][\/vc_column][\/vc_row][\/vc_section][vc_section parallax_image_attachment=&#8221;inherit&#8221; css=&#8221;.vc_custom_1711280402895{background-color: #669999 !important;}&#8221; el_id=&#8221;services&#8221;][vc_row][vc_column][genemy_banner align=&#8221;center&#8221; name=&#8221;&#8221; title=&#8221;M\u016bs\u0173 {Paslaugos}&#8221; subtitle=&#8221;&#8221;][\/vc_column][\/vc_row][vc_row][vc_column width=&#8221;1\/4&#8243;][genemy_service_box icon=&#8221;&#8221; tra_text_display=&#8221;yes&#8221; title=&#8221;MOKYMAI&#8221; subtitle=&#8221;Si\u016blome \u0161ias mokym\u0173 temas:<br \/>\n\u2022 Komand\u0173 stiprinimas ir efektyvumo didinimas<br \/>\n\u2022 Emocin\u0117 gerov\u0117 ir atsparumas<br \/>\n\u2022 Poky\u010di\u0173 valdymas<br \/>\n\u2022 Ugdomasis vadovavimas<br \/>\n\u2022 Streso valdymas<br \/>\n\u2022 Konflikt\u0173 valdymas<br \/>\n\u2022 Perdegimas<br \/>\n\u2022 Efektyvi komunikacija<br \/>\n\u2022 Problem\u0173 diagnostika<br \/>\n\u2022 Mobingas organizacijoje&#8221; icon_color=&#8221;rose&#8221; heading_class=&#8221;h5-xl&#8221; underline_color=&#8221;none&#8221; subtitle_text_color=&#8221;white&#8221; animation_delay=&#8221;300&#8243;][\/vc_column][vc_column width=&#8221;1\/4&#8243;][genemy_service_box icon=&#8221;&#8221; tra_text_display=&#8221;yes&#8221; tra_digit=&#8221;02&#8243; title=&#8221;Konsultavimas&#8221; subtitle=&#8221;\u2022 Padedame kurti atvir\u0105 komunikacij\u0105 ir skatiname bendradarbiavimo ir pasitik\u0117jimo kult\u016br\u0105.<br \/>\n\u2022 Nustatome konflikt\u0173 ar problem\u0173 prie\u017eastis, kurios trukdo efektyviai komandos veiklai.<br \/>\n\u2022 Pasi\u016blome komandos stiprinimo veiklas ir mokymo programas, kurios padeda kurti sveikus santykius ir gerina komandin\u012f darb\u0105.<br \/>\n\u2022 Kuriame psichologin\u012f saugum\u0105 ir teigiam\u0105 darbo aplink\u0105, kuri leid\u017eia priimti \u012fvairov\u0119, skatina \u012ftraukt\u012f ir darbuotoj\u0173 gerov\u0119.&#8221; icon_color=&#8221;rose&#8221; heading_class=&#8221;h5-xl&#8221; underline_color=&#8221;none&#8221; subtitle_text_color=&#8221;white&#8221; animation_delay=&#8221;300&#8243;][\/vc_column][vc_column width=&#8221;1\/4&#8243;][genemy_service_box icon=&#8221;&#8221; tra_text_display=&#8221;yes&#8221; tra_digit=&#8221;03&#8243; title=&#8221;{KOU\u010cINGAS}&#8221; subtitle=&#8221;\u2022 Asmeninis kou\u010dingas &#8211; individualios sesijos asmeniniam augimui ir palankiausi\u0173 sprendim\u0173 paie\u0161kai.<br \/>\n\u2022 Komandinis kou\u010dingas &#8211; komandos sesij\u0173 ciklas, skirtas komand\u0173 vystymuisi<br \/>\n\u2022 Grupinis kou\u010dingas &#8211; ma\u017eos grup\u0117s \u017emoni\u0173, turin\u010di\u0173 bendr\u0173 interes\u0173, sesijos, skirtos po\u017ei\u016brio prspl\u0117timui ir \u012fvairesni\u0173 patir\u010di\u0173 integravimui&#8221; icon_color=&#8221;rose&#8221; heading_class=&#8221;h5-xl&#8221; underline_color=&#8221;none&#8221; subtitle_text_color=&#8221;white&#8221; animation_delay=&#8221;300&#8243;][\/vc_column][vc_column width=&#8221;1\/4&#8243;][genemy_service_box icon=&#8221;&#8221; tra_text_display=&#8221;yes&#8221; tra_digit=&#8221;04&#8243; title=&#8221;{TYRIMAI}&#8221; subtitle=&#8221;\u2022 Darbuotoj\u0173 \u012fsitraukimo tyrimas<br \/>\n\u2022 Darbuotoj\u0173 emocin\u0117s gerov\u0117s tyrimas<br \/>\n\u2022 DiSC&#8221; icon_color=&#8221;rose&#8221; heading_class=&#8221;h5-xl&#8221; underline_color=&#8221;none&#8221; subtitle_text_color=&#8221;white&#8221; animation_delay=&#8221;300&#8243;][\/vc_column][\/vc_row][\/vc_section][vc_section padding_class=&#8221;wide-100&#8243; bg_class=&#8221;bg-lightgrey&#8221; parallax_image_attachment=&#8221;inherit&#8221; el_id=&#8221;team&#8221;][vc_row][vc_column][genemy_section_title name=&#8221;&#8221; title=&#8221;M\u016aS\u0172 EKSPERT\u0172 KOMANDA&#8221; subtitle=&#8221;Skirta j\u016bs\u0173 s\u0117kmei&#8221; underline_color=&#8221;none&#8221;][genemy_testimonials style=&#8221;3column&#8221; params=&#8221;%5B%7B%22name%22%3A%22Indrija%20A%C5%A1kelovi%C4%8Dien%C4%97%22%2C%22title%22%3A%22%C4%AEk%C5%ABr%C4%97ja%20ir%20vadov%C4%97%2C%20mokym%C5%B3%20trener%C4%97%2C%20Ge%C5%A1talto%20psichoterapeut%C4%97%22%2C%22image%22%3A%22https%3A%2F%2Fbusinesstherapyhub.lt%2Fwp-content%2Fuploads%2F2024%2F04%2FIndrija.png%22%2C%22desc%22%3A%22Daugiau%20nei%2018%20m.%20dirbusi%20organizacijose%20ir%20vadovavusi%20%C4%AFvairaus%20dyd%C5%BEio%20komandoms%2C%20%C4%AFgijusi%20ICF%20kou%C4%8Der%C4%97s%20ir%20Ge%C5%A1talto%20psichoterapijos%20praktik%C4%97s%20diplomus%2C%20Indrija%20%C5%A1iandien%20padeda%20organizacijoms%20kurti%20palanki%C4%85%20organizacin%C4%99%20kult%C5%ABr%C4%85%2C%20spr%C4%99sti%20%C4%AFsisen%C4%97jusias%20problemas%2C%20%C4%AFgyvendinti%20poky%C4%8Dius%2C%20augti%20ir%20susikalb%C4%97ti.%20Indrija%20veda%20vadovavimo%20mokymus%2C%20organizuoja%20vadov%C5%B3%20supervizines%20sesijas%2C%20didel%C4%AF%20d%C4%97mes%C4%AF%20skiria%20komunikacijos%2C%20poky%C4%8Di%C5%B3%20valdymo%20ir%20psichologinio%20saugumo%20temoms.%22%7D%2C%7B%22name%22%3A%22Giedr%C4%97%20Urmulevi%C4%8Di%C5%ABt%C4%97%22%2C%22title%22%3A%22Mokym%C5%B3%20trener%C4%97%2C%20kou%C4%8Der%C4%97%22%2C%22image%22%3A%22https%3A%2F%2Fbusinesstherapyhub.lt%2Fwp-content%2Fuploads%2F2024%2F04%2FGiedre.png%22%2C%22desc%22%3A%22Giedr%C4%97%20yra%20sertifikuota%20patirtini%C5%B3%20mokym%C5%B3%20trener%C4%97%2C%20kou%C4%8Der%C4%97%20.%20Jos%20ekspertin%C4%97s%20sritys%20%E2%80%93%20vadovavimas%20ir%20lyderyst%C4%97%2C%20komandos%20formavimas%20bei%20sutelktumas%2C%20bendravimas%20ir%20bendradarbiavimas%2C%20individualus%20ir%20grupinis%20kou%C4%8Dingas.%20Savo%20seminaruose%20daugiau%20nei%2019%20met%C5%B3%20Giedr%C4%97%20naudoja%20%C5%A1iuolaiki%C5%A1kus%20interaktyvius%20praktinius%20metodus%3A%20patirtin%C4%AF%20mokym%C4%85si%2C%20solo%20ir%20grupin%C4%99%20refleksijas%2C%20%C5%BEaidybinim%C4%85%2C%20kou%C4%8Ding%C4%85.%22%7D%2C%7B%22name%22%3A%22Indr%C4%97%20Kavoli%C5%ABnien%C4%97%22%2C%22title%22%3A%22Mokym%C5%B3%20trener%C4%97%2C%20Ge%C5%A1talto%20psichoterapeut%C4%97%2C%20teisinink%C4%97%2C%20mediator%C4%97%22%2C%22image%22%3A%22https%3A%2F%2Fbusinesstherapyhub.lt%2Fwp-content%2Fuploads%2F2024%2F04%2FIndre.png%22%2C%22desc%22%3A%22Indr%C4%97s%20profesin%C4%97%20veikla%20apima%20plat%C5%B3%20spektr%C4%85%20patir%C4%8Di%C5%B3%2C%20ta%C4%8Diau%20jas%20vienija%20efektyvaus%20susikalb%C4%97jimo%2C%20psichologin%C4%97s%20gerov%C4%97s%20ir%20pagalbos%20ie%C5%A1kant%20i%C5%A1eities%20ta%C5%A1k%C5%B3%2C%20temos.%20Jau%20daugiau%20kaip%2010%20m.%20Indr%C4%97%20veda%20mokymus%20konflikt%C5%B3%20sprendimo%2C%20streso%20valdymo%20ir%20kt.%20temomis%2C%20padeda%20komandoms%20i%C5%A1mokti%20konstruktyvaus%20bendravimo%20ir%20bendradarbiavimo%2C%20vykdo%20mediacijos%20(taikomojo%20tarpininkavimo)%20veikl%C4%85.%22%7D%2C%7B%22name%22%3A%22DEIMANT%C4%96%20PETKEVI%C4%8CI%C5%AAT%C4%96%20-%20BUTKEVI%C4%8C%C4%96%22%2C%22title%22%3A%22Mokym%C5%B3%20trener%C4%97%2C%20psicholog%C4%97%2C%20ge%C5%A1talto%20psichoterapijos%20praktik%C4%97%22%2C%22image%22%3A%22https%3A%2F%2Fbusinesstherapyhub.lt%2Fwp-content%2Fuploads%2F2024%2F04%2FDeimante.png%22%2C%22desc%22%3A%22Ilgus%20metus%20dirbdama%20su%20individualiais%20klientais%20bei%20komandomis%2C%20Deimant%C4%97%20labiausiai%20gilinasi%20%C4%AF%20santyki%C5%B3%20ir%20emocij%C5%B3%20valdymo%20sritis.%20Deimant%C4%97s%20mokymai%20apima%20gil%C5%B3%20turin%C4%AF%20konflikt%C5%B3%20valdymo%2C%20bendradarbiavimo%2C%20asertyvumo%2C%20streso%20valdymo%20temomis%2C%20o%20komand%C5%B3%20formavimo%20sesijose%20did%C5%BEiausi%C4%85%20d%C4%97mes%C4%AF%20skiria%20sav%C4%99s%20pa%C5%BEinimo%20ir%20efektyvaus%20bendravimo%20stiprinimui.%22%7D%2C%7B%22name%22%3A%22Daiva%20Ti%C5%A1kut%C4%97%20-%20Dambrauskien%C4%97%22%2C%22title%22%3A%22Mokym%C5%B3%20trener%C4%97%2C%20ge%C5%A1talto%20psichoterapijos%20praktik%C4%97%22%2C%22image%22%3A%22https%3A%2F%2Fbusinesstherapyhub.lt%2Fwp-content%2Fuploads%2F2024%2F04%2FDaiva.png%22%2C%22desc%22%3A%22Daiva%20yra%20sertifikuota%20Ge%C5%A1talto%20psichoterapijos%20praktik%C4%97%2C%20krizi%C5%B3%20valdymo%20konsultant%C4%97%2C%20patyrusi%20praktini%C5%B3%20mokym%C5%B3%20trener%C4%97.%20Integruodama%20sukaupt%C4%85%2020%20m.%20vadovaujan%C4%8Dio%20darbo%20tarptautin%C4%97se%20kompanijos%20patirt%C4%AF%20ir%20sukauptas%20%C5%BEinias%2C%20Daiva%20konsultuoja%20komandas%20perdegimo%2C%20streso%20valdymo%2C%20asmenini%C5%B3%2C%20profesini%C5%B3%20krizi%C5%B3%2C%20sav%C4%99s%20pa%C5%BEinimo%20bei%20pasitik%C4%97jimo%20stiprinimo%20temomis.%22%7D%5D&#8221;][\/vc_column][\/vc_row][\/vc_section][vc_section padding_class=&#8221;wide-0&#8243; el_id=&#8221;clients&#8221;][vc_row][vc_column][\/vc_column][\/vc_row][\/vc_section][vc_section el_id=&#8221;blog&#8221;][vc_row][vc_column][genemy_section_title name=&#8221;&#8221; title=&#8221;STRAIPSNIAI IR NAUJIENOS&#8221; subtitle=&#8221;Skaitykite \u012f\u017evalgas ir naujienas m\u016bs\u0173 tinklara\u0161tyje&#8221; underline_color=&#8221;none&#8221;]<div class=\"row\">\r\n            <div class=\"col-md-6 col-lg-4\">\r\n            <div class=\"blog-post animated\" data-animation=\"fadeInUp\" data-animation-delay=\"300\">        \r\n                                    <!-- BLOG POST IMAGE -->\r\n                    <div class=\"blog-post-img m-bottom-30\">\r\n                        <img decoding=\"async\" class=\"img-fluid\" src=\"https:\/\/businesstherapyhub.lt\/wp-content\/uploads\/2025\/05\/unnamed-2-400x400.jpg\" alt=\"About the curse \u201cNever enough\u201d and \u201cI still have to prove it\u201d\" \/> \r\n                    <\/div>\r\n                \r\n                <!-- BLOG POST TEXT -->\r\n                <div class=\"blog-post-txt\">\r\n                    <!-- Post Data -->\r\n                                        <!-- Post Title -->\r\n                    <h5 class=\"h5-md\">\r\n                        <a class=\"rose-hover\" href=\"https:\/\/businesstherapyhub.lt\/index.php\/2025\/05\/20\/about-the-curse-never-enough-and-i-still-have-to-prove-it\/\">About the curse \u201cNever enough\u201d and \u201cI still have to prove it\u201d<\/a>\r\n                    <\/h5>\r\n                    <!-- Post Text -->\r\n                    <p>Have you noticed that sometimes the music and the image do not match? Maybe the mind and self...                    <\/p>\r\n\r\n                <\/div>\r\n            <\/div>\r\n        <\/div>\r\n\r\n                <div class=\"col-md-6 col-lg-4\">\r\n            <div class=\"blog-post animated\" data-animation=\"fadeInUp\" data-animation-delay=\"400\">        \r\n                                    <!-- BLOG POST IMAGE -->\r\n                    <div class=\"blog-post-img m-bottom-30\">\r\n                        <img decoding=\"async\" class=\"img-fluid\" src=\"https:\/\/businesstherapyhub.lt\/wp-content\/uploads\/2025\/05\/unnamed-2-400x400.jpg\" alt=\"Apie prakeiksm\u0105 \u201cNiekada negana\u201d ir \u201cTuriu dar \u012frodyti\u201d\" \/> \r\n                    <\/div>\r\n                \r\n                <!-- BLOG POST TEXT -->\r\n                <div class=\"blog-post-txt\">\r\n                    <!-- Post Data -->\r\n                                        <!-- Post Title -->\r\n                    <h5 class=\"h5-md\">\r\n                        <a class=\"rose-hover\" href=\"https:\/\/businesstherapyhub.lt\/index.php\/lt\/2025\/05\/19\/apie-prakeiksma-niekada-negana-ir-turiu-dar-irodyti\/\">Apie prakeiksm\u0105 \u201cNiekada negana\u201d ir \u201cTuriu dar \u012frodyti\u201d<\/a>\r\n                    <\/h5>\r\n                    <!-- Post Text -->\r\n                    <p>Ar pastebite, kad kartais muzika su vaizdu nesutampa? Jog protas ir \u017einojimas apie save sako viena, o vidin\u0117...                    <\/p>\r\n\r\n                <\/div>\r\n            <\/div>\r\n        <\/div>\r\n\r\n                <div class=\"col-md-6 col-lg-4\">\r\n            <div class=\"blog-post animated\" data-animation=\"fadeInUp\" data-animation-delay=\"500\">        \r\n                                    <!-- BLOG POST IMAGE -->\r\n                    <div class=\"blog-post-img m-bottom-30\">\r\n                        <img decoding=\"async\" class=\"img-fluid\" src=\"https:\/\/businesstherapyhub.lt\/wp-content\/uploads\/2024\/04\/Article_Vidine-komunikacija-400x400.jpg\" alt=\"Internal communication is always about relationships\" \/> \r\n                    <\/div>\r\n                \r\n                <!-- BLOG POST TEXT -->\r\n                <div class=\"blog-post-txt\">\r\n                    <!-- Post Data -->\r\n                                        <!-- Post Title -->\r\n                    <h5 class=\"h5-md\">\r\n                        <a class=\"rose-hover\" href=\"https:\/\/businesstherapyhub.lt\/index.php\/2024\/04\/27\/article-3\/\">Internal communication is always about relationships<\/a>\r\n                    <\/h5>\r\n                    <!-- Post Text -->\r\n                    <p>In traditional discussions on internal communication and its challenges, the emphasis is often placed on barriers like physical...                    <\/p>\r\n\r\n                <\/div>\r\n            <\/div>\r\n        <\/div>\r\n\r\n                <div class=\"col-md-6 col-lg-4\">\r\n            <div class=\"blog-post animated\" data-animation=\"fadeInUp\" data-animation-delay=\"600\">        \r\n                                    <!-- BLOG POST IMAGE -->\r\n                    <div class=\"blog-post-img m-bottom-30\">\r\n                        <img decoding=\"async\" class=\"img-fluid\" src=\"https:\/\/businesstherapyhub.lt\/wp-content\/uploads\/2024\/04\/Article_Terapija-ateina-i-organizacijaa-400x400.jpg\" alt=\"Therapy comming to organisation &#8211; what does that mean?\u00a0\" \/> \r\n                    <\/div>\r\n                \r\n                <!-- BLOG POST TEXT -->\r\n                <div class=\"blog-post-txt\">\r\n                    <!-- Post Data -->\r\n                                        <!-- Post Title -->\r\n                    <h5 class=\"h5-md\">\r\n                        <a class=\"rose-hover\" href=\"https:\/\/businesstherapyhub.lt\/index.php\/2024\/04\/27\/article-2\/\">Therapy comming to organisation &#8211; what does that mean?\u00a0<\/a>\r\n                    <\/h5>\r\n                    <!-- Post Text -->\r\n                    <p>Today, we can rejoice the fact that more and more organizations are prioritizing the well-being of their employees....                    <\/p>\r\n\r\n                <\/div>\r\n            <\/div>\r\n        <\/div>\r\n\r\n                <div class=\"col-md-6 col-lg-4\">\r\n            <div class=\"blog-post animated\" data-animation=\"fadeInUp\" data-animation-delay=\"700\">        \r\n                                    <!-- BLOG POST IMAGE -->\r\n                    <div class=\"blog-post-img m-bottom-30\">\r\n                        <img decoding=\"async\" class=\"img-fluid\" src=\"https:\/\/businesstherapyhub.lt\/wp-content\/uploads\/2024\/05\/Article_Terapija-ateina-i-organizacija-400x400.jpg\" alt=\"Attention &#8211; group!\" \/> \r\n                    <\/div>\r\n                \r\n                <!-- BLOG POST TEXT -->\r\n                <div class=\"blog-post-txt\">\r\n                    <!-- Post Data -->\r\n                                        <!-- Post Title -->\r\n                    <h5 class=\"h5-md\">\r\n                        <a class=\"rose-hover\" href=\"https:\/\/businesstherapyhub.lt\/index.php\/2024\/05\/08\/attention-group\/\">Attention &#8211; group!<\/a>\r\n                    <\/h5>\r\n                    <!-- Post Text -->\r\n                    <p>In today&#8217;s world, with a vast array of self-knowledge and personal growth studies available in various formats, it...                    <\/p>\r\n\r\n                <\/div>\r\n            <\/div>\r\n        <\/div>\r\n\r\n                <div class=\"col-md-6 col-lg-4\">\r\n            <div class=\"blog-post animated\" data-animation=\"fadeInUp\" data-animation-delay=\"800\">        \r\n                                    <!-- BLOG POST IMAGE -->\r\n                    <div class=\"blog-post-img m-bottom-30\">\r\n                        <img decoding=\"async\" class=\"img-fluid\" src=\"https:\/\/businesstherapyhub.lt\/wp-content\/uploads\/2024\/05\/Article_Terapija-ateina-i-organizacija-1-400x400.jpg\" alt=\"D\u0117mesio &#8211; grup\u0117!\" \/> \r\n                    <\/div>\r\n                \r\n                <!-- BLOG POST TEXT -->\r\n                <div class=\"blog-post-txt\">\r\n                    <!-- Post Data -->\r\n                                        <!-- Post Title -->\r\n                    <h5 class=\"h5-md\">\r\n                        <a class=\"rose-hover\" href=\"https:\/\/businesstherapyhub.lt\/index.php\/lt\/2024\/05\/08\/demesio-grupe\/\">D\u0117mesio &#8211; grup\u0117!<\/a>\r\n                    <\/h5>\r\n                    <!-- Post Text -->\r\n                    <p>\u0160iandieniniame pasaulyje, kuomet egzistuoja itin didel\u0117 pasi\u016bla \u012fvairi\u0173 sav\u0119s pa\u017einimo ir augimo&nbsp; studij\u0173, u\u017esi\u0117mim\u0173, skirting\u0173 format\u0173, neretai darosi...                    <\/p>\r\n\r\n                <\/div>\r\n            <\/div>\r\n        <\/div>\r\n\r\n           \r\n<\/div>\r\n[\/vc_column][\/vc_row][\/vc_section][vc_section parallax_image_attachment=&#8221;inherit&#8221; el_id=&#8221;contact&#8221;][vc_row][vc_column][genemy_call_to_action style=&#8221;style2&#8243; title=&#8221;STIPRINKITE SAVO ORGANIZACIJ\u0104&#8221; lead_text=&#8221;&#8221; subtitle=&#8221;&#8221; display=&#8221;icons&#8221; params2=&#8221;%5B%5D&#8221; bottom_text=&#8221;&#8221;][\/vc_column][\/vc_row][vc_row][vc_column width=&#8221;1\/3&#8243;][genemy_contact_info title=&#8221;Pasikalb\u0117kime&#8221; subtitle=&#8221;+370 687 24 615&#8243; animation_delay=&#8221;300&#8243;][\/vc_column][vc_column width=&#8221;1\/3&#8243;][genemy_contact_info title=&#8221;Susira\u0161ykime&#8221; subtitle=&#8221;indrija@businesstherapyhub.lt&#8221; animation_delay=&#8221;300&#8243;][\/vc_column][vc_column width=&#8221;1\/3&#8243;][genemy_contact_info title=&#8221;Susitikime&#8221; subtitle=&#8221;\u0160v. Ignoto str. 5, Vilnius&#8221; animation_delay=&#8221;300&#8243;][\/vc_column][\/vc_row][\/vc_section]<\/p>\n<\/div>","protected":false},"excerpt":{"rendered":"<p>[vc_section full_height=&#8221;yes&#8221; enable_hero=&#8221;yes&#8221; hero_id=&#8221;hero-13&#8243; parallax_image_attachment=&#8221;inherit&#8221; el_id=&#8221;main&#8221; css=&#8221;.vc_custom_1714230682121{background-image: url(https:\/\/businesstherapyhub.lt\/wp-content\/uploads\/2024\/04\/Web_header-01-scaled.jpg?id=1432) !important;}&#8221;][vc_row][vc_column css=&#8221;.vc_custom_1715680838236{margin-top: 80px !important;}&#8221;][genemy_hero_freelancer image=&#8221;https:\/\/businesstherapyhub.lt\/wp-content\/uploads\/2024\/04\/Asset-4.png&#8221; title=&#8221;\u010cia prasideda augimas&#8221; lead_text=&#8221;&#8221; video_popup=&#8221;&#8221; title_font_container=&#8221;text_underline:none|font_family:montserrat|font_size:5rem|font_weight:500|line_height:8rem|&#8221; image_media_group=&#8221;%5B%7B%22type%22%3A%22max-width%22%2C%22width%22%3A%22767px%22%7D%5D&#8221;][\/vc_column][\/vc_row][\/vc_section][vc_section el_id=&#8221;about&#8221;][vc_row][vc_column][genemy_about_us image=&#8221;https:\/\/businesstherapyhub.lt\/wp-content\/uploads\/2024\/04\/About-01-scaled.jpg&#8221; subtitle=&#8221;&#8221; title=&#8221;APIE MUS&#8221; lead_text=&#8221;Business Therapy Hub &#8211; tai konsultacini\u0173 paslaug\u0173 \u012fmon\u0117, kurios tikslas &#8211; prisid\u0117ti prie sveik\u0173 organizacij\u0173&#8230;<\/p>\n","protected":false},"author":2,"featured_media":0,"parent":0,"menu_order":0,"comment_status":"closed","ping_status":"closed","template":"templates\/onepage-template.php","meta":{"_themeisle_gutenberg_block_has_review":false,"footnotes":""},"class_list":["post-1477","page","type-page","status-publish","hentry","blog-post"],"aioseo_notices":[],"post_mailing_queue_ids":[],"_links":{"self":[{"href":"https:\/\/businesstherapyhub.lt\/index.php\/wp-json\/wp\/v2\/pages\/1477","targetHints":{"allow":["GET"]}}],"collection":[{"href":"https:\/\/businesstherapyhub.lt\/index.php\/wp-json\/wp\/v2\/pages"}],"about":[{"href":"https:\/\/businesstherapyhub.lt\/index.php\/wp-json\/wp\/v2\/types\/page"}],"author":[{"embeddable":true,"href":"https:\/\/businesstherapyhub.lt\/index.php\/wp-json\/wp\/v2\/users\/2"}],"replies":[{"embeddable":true,"href":"https:\/\/businesstherapyhub.lt\/index.php\/wp-json\/wp\/v2\/comments?post=1477"}],"version-history":[{"count":15,"href":"https:\/\/businesstherapyhub.lt\/index.php\/wp-json\/wp\/v2\/pages\/1477\/revisions"}],"predecessor-version":[{"id":1615,"href":"https:\/\/businesstherapyhub.lt\/index.php\/wp-json\/wp\/v2\/pages\/1477\/revisions\/1615"}],"wp:attachment":[{"href":"https:\/\/businesstherapyhub.lt\/index.php\/wp-json\/wp\/v2\/media?parent=1477"}],"curies":[{"name":"wp","href":"https:\/\/api.w.org\/{rel}","templated":true}]}}